{"id":982,"date":"2024-01-30T11:50:34","date_gmt":"2024-01-30T10:50:34","guid":{"rendered":"https:\/\/www.lapoignardiere.fr\/avisos-legales-y-tc\/"},"modified":"2024-01-31T22:37:19","modified_gmt":"2024-01-31T21:37:19","slug":"avisos-legales-y-tc","status":"publish","type":"page","link":"https:\/\/www.lapoignardiere.fr\/es\/avisos-legales-y-tc\/","title":{"rendered":"Avisos legales y T&amp;C"},"content":{"rendered":"\n<style type=\"text\/css\" data-created_by=\"avia_inline_auto\" id=\"style-css-av-9w5kj-964506034fc599670c6d2307d592be25\">\n.avia-section.av-9w5kj-964506034fc599670c6d2307d592be25 .av-parallax .av-parallax-inner{\nbackground-repeat:no-repeat;\nbackground-image:url(https:\/\/www.lapoignardiere.fr\/wp-content\/uploads\/2024\/01\/la-poignardiere-details-11.jpg);\nbackground-position:50% 100%;\nbackground-attachment:scroll;\n}\n<\/style>\n<div id='av_section_1'  class='avia-section av-9w5kj-964506034fc599670c6d2307d592be25 alternate_color avia-section-default avia-no-border-styling  avia-builder-el-0  el_before_av_section  avia-builder-el-first  avia-full-stretch av-parallax-section avia-bg-style-parallax av-minimum-height av-minimum-height-100 av-height-100  container_wrap fullsize'  data-section-bg-repeat='stretch' data-av_minimum_height_pc='100' data-av_min_height_opt='100'><div class='av-parallax' data-avia-parallax-ratio='0.3' ><div class='av-parallax-inner alternate_color avia-full-stretch'><\/div><\/div><div class='container av-section-cont-open' ><main  role=\"main\" itemprop=\"mainContentOfPage\"  class='template-page content  av-content-full alpha units'><div class='post-entry post-entry-type-page post-entry-982'><div class='entry-content-wrapper clearfix'>\n<div  class='flex_column av-9flkz-bb9a9f1fa140c67da72ad83ef86f47f0 av_one_fifth  avia-builder-el-1  el_before_av_three_fifth  avia-builder-el-first  first flex_column_div av-hide-on-mobile  '     ><\/div>\n<style type=\"text\/css\" data-created_by=\"avia_inline_auto\" id=\"style-css-av-8jro7-c83466d7464b8fe2cb1df24d372ed720\">\n.flex_column.av-8jro7-c83466d7464b8fe2cb1df24d372ed720{\nborder-width:9px;\nborder-color:#a0907b;\nborder-style:solid;\npadding:30px 30px 30px 30px;\nbackground-color:rgba(0,0,0,0.75);\n}\n<\/style>\n<div  class='flex_column av-8jro7-c83466d7464b8fe2cb1df24d372ed720 av_three_fifth  avia-builder-el-2  el_after_av_one_fifth  el_before_av_one_fifth  flex_column_div av-animated-generic bottom-to-top  '     ><style type=\"text\/css\" data-created_by=\"avia_inline_auto\" id=\"style-css-av-7tnuv-da57f0b2509ce34e401fa066d78be8c7\">\n#top .av-special-heading.av-7tnuv-da57f0b2509ce34e401fa066d78be8c7{\npadding-bottom:10px;\n}\nbody .av-special-heading.av-7tnuv-da57f0b2509ce34e401fa066d78be8c7 .av-special-heading-tag .heading-char{\nfont-size:25px;\n}\n.av-special-heading.av-7tnuv-da57f0b2509ce34e401fa066d78be8c7 .av-subheading{\nfont-size:21px;\n}\n<\/style>\n<div  class='av-special-heading av-7tnuv-da57f0b2509ce34e401fa066d78be8c7 av-special-heading-h1 blockquote modern-quote modern-centered  avia-builder-el-3  avia-builder-el-no-sibling '><h1 class='av-special-heading-tag '  itemprop=\"headline\"  >Avisos legales y T&amp;C<\/h1><div class=\"special-heading-border\"><div class=\"special-heading-inner-border\"><\/div><\/div><\/div><\/div><div  class='flex_column av-7c4u7-70bf8c7fdd20e7d5ef9351df9dea3cf5 av_one_fifth  avia-builder-el-4  el_after_av_three_fifth  avia-builder-el-last  flex_column_div av-hide-on-mobile  '     ><\/div>\n\n<\/div><\/div><\/main><!-- close content main element --><\/div><\/div><div id='av_section_2'  class='avia-section av-6po1j-ffe27280886cedc75912b1568f99ddec main_color avia-section-default avia-no-border-styling  avia-builder-el-5  el_after_av_section  el_before_av_section  avia-bg-style-scroll av-minimum-height av-minimum-height-25 av-height-25  container_wrap fullsize'   data-av_minimum_height_pc='25' data-av_min_height_opt='25'><div class='container av-section-cont-open' ><div class='template-page content  av-content-full alpha units'><div class='post-entry post-entry-type-page post-entry-982'><div class='entry-content-wrapper clearfix'>\n<\/div><\/div><\/div><!-- close content main div --><\/div><\/div>\n<style type=\"text\/css\" data-created_by=\"avia_inline_auto\" id=\"style-css-av-66hzv-d80325bb82ea9515f522ba5202172d73\">\n.avia-section.av-66hzv-d80325bb82ea9515f522ba5202172d73 .av-parallax .av-parallax-inner{\nbackground-repeat:no-repeat;\nbackground-image:url(https:\/\/www.lapoignardiere.fr\/wp-content\/uploads\/2024\/01\/la-poignardiere-details-9.jpg);\nbackground-position:0% 50%;\nbackground-attachment:scroll;\n}\n<\/style>\n<div id='piscine-exterieure'  class='avia-section av-66hzv-d80325bb82ea9515f522ba5202172d73 alternate_color avia-section-huge avia-no-border-styling  avia-builder-el-6  el_after_av_section  el_before_av_section  shift-parallax-section bg-left-shift padding-mobile-0 avia-full-stretch av-parallax-section avia-bg-style-parallax av-minimum-height av-minimum-height-100 av-height-100  container_wrap fullsize'  data-section-bg-repeat='stretch' data-av_minimum_height_pc='100' data-av_min_height_opt='100'><div class='av-parallax' data-avia-parallax-ratio='0.3' ><div class='av-parallax-inner alternate_color avia-full-stretch'><\/div><\/div><div class='container av-section-cont-open' ><div class='template-page content  av-content-full alpha units'><div class='post-entry post-entry-type-page post-entry-982'><div class='entry-content-wrapper clearfix'>\n\n<style type=\"text\/css\" data-created_by=\"avia_inline_auto\" id=\"style-css-av-5pr7v-7fee3def7c63db20e4cd8acaffcc67fc\">\n.flex_column.av-5pr7v-7fee3def7c63db20e4cd8acaffcc67fc{\npadding:0px 0px 0px 0px;\n}\n<\/style>\n<div  class='flex_column av-5pr7v-7fee3def7c63db20e4cd8acaffcc67fc av_one_half  avia-builder-el-7  el_before_av_one_half  avia-builder-el-first  first flex_column_div av-animated-generic right-to-left av-hide-on-mobile av-zero-column-padding avia-full-stretch  '     ><\/div>\n<style type=\"text\/css\" data-created_by=\"avia_inline_auto\" id=\"style-css-av-iggz-2802366aadffe39fb631d1df6062eba2\">\n.flex_column.av-iggz-2802366aadffe39fb631d1df6062eba2{\npadding:60px 60px 60px 60px;\nbackground-color:rgba(160,144,123,0.98);\n}\n<\/style>\n<div  class='flex_column av-iggz-2802366aadffe39fb631d1df6062eba2 av_one_half  avia-builder-el-8  el_after_av_one_half  avia-builder-el-last  padding-mobile-30 flex_column_div av-animated-generic bottom-to-top  '     ><style type=\"text\/css\" data-created_by=\"avia_inline_auto\" id=\"style-css-av-4p533-3444a24342c55d59d27668941eb18af2\">\n#top .av_textblock_section.av-4p533-3444a24342c55d59d27668941eb18af2 .avia_textblock{\ncolor:#ffffff;\n}\n<\/style>\n<section  class='av_textblock_section av-4p533-3444a24342c55d59d27668941eb18af2 '   itemscope=\"itemscope\" itemtype=\"https:\/\/schema.org\/CreativeWork\" ><div class='avia_textblock av_inherit_color'  itemprop=\"text\" ><h3>Editor<\/h3>\n<p>Eurl BEL AIR<br \/>\nLa Poignardi\u00e8re \u2013 36700 Ch\u00e2tillon-sur-Indre<br \/>\nTel : +33 2 54 38 78 14<br \/>\nRCS Ch\u00e2teauroux \u2013 41905193300010<\/p>\n<h3>Alojamiento Web<\/h3>\n<p>OVH<br \/>\n2 rue Kellermann \u2013 59100 Roubaix<\/p>\n<h3>Dise\u00f1o Web y subcontrataci\u00f3n<\/h3>\n<p>Antoine Roy | blindesign<br \/>\n<a href=\"https:\/\/www.blindesign.net\/\" target=\"_blank\" rel=\"noopener\">www.blindesign.net<\/a><\/p>\n<h3>Cr\u00e9ditos fotogr\u00e1ficos<\/h3>\n<p>\u00a9Vivien Bluteau, \u00a9Chris Ruggles, \u00a9Anne Wipf, \u00a9Benjamin Teissedre, \u00a9Grand Aquarium de Touraine, \u00a9Mus\u00e9e Maurice Dufresne, \u00a9Mus\u00e9e de la Pr\u00e9histoire du Grand Pressigny<\/p>\n<\/div><\/section><\/div><\/div><\/div><\/div><!-- close content main div --><\/div><\/div><div id='av_section_4'  class='avia-section av-45zyr-5810357c80fa232cd9adbdd011210c7c main_color avia-section-default avia-no-border-styling  avia-builder-el-10  el_after_av_section  el_before_av_section  avia-bg-style-scroll av-minimum-height av-minimum-height-25 av-height-25  container_wrap fullsize'   data-av_minimum_height_pc='25' data-av_min_height_opt='25'><div class='container av-section-cont-open' ><div class='template-page content  av-content-full alpha units'><div class='post-entry post-entry-type-page post-entry-982'><div class='entry-content-wrapper clearfix'><\/p>\n<\/div><\/div><\/div><!-- close content main div --><\/div><\/div>\n<style type=\"text\/css\" data-created_by=\"avia_inline_auto\" id=\"style-css-av-3hvg3-08a6abd6a1d15307b7d833728cfdf7f1\">\n.avia-section.av-3hvg3-08a6abd6a1d15307b7d833728cfdf7f1 .av-parallax .av-parallax-inner{\nbackground-repeat:no-repeat;\nbackground-image:url(https:\/\/www.lapoignardiere.fr\/wp-content\/uploads\/2024\/01\/la-poignardiere-chambre-hote-deco-1-b.jpg);\nbackground-position:50% 100%;\nbackground-attachment:scroll;\n}\n<\/style>\n<div id='piscine-interieure'  class='avia-section av-3hvg3-08a6abd6a1d15307b7d833728cfdf7f1 alternate_color avia-section-huge avia-no-border-styling  avia-builder-el-11  el_after_av_section  el_before_av_section  shift-parallax-section bg-right-shift padding-mobile-0 avia-full-stretch av-parallax-section avia-bg-style-parallax av-minimum-height av-minimum-height-100 av-height-100  container_wrap fullsize'  data-section-bg-repeat='stretch' data-av_minimum_height_pc='100' data-av_min_height_opt='100'><div class='av-parallax' data-avia-parallax-ratio='0.3' ><div class='av-parallax-inner alternate_color avia-full-stretch'><\/div><\/div><div class='container av-section-cont-open' ><div class='template-page content  av-content-full alpha units'><div class='post-entry post-entry-type-page post-entry-982'><div class='entry-content-wrapper clearfix'>\n\n<style type=\"text\/css\" data-created_by=\"avia_inline_auto\" id=\"style-css-av-2t6sf-7ba8e680dc4492b8bb2ff9f74faf7cf6\">\n.flex_column.av-2t6sf-7ba8e680dc4492b8bb2ff9f74faf7cf6{\npadding:60px 60px 60px 60px;\nbackground-color:rgba(124,145,119,0.98);\n}\n<\/style>\n<div  class='flex_column av-2t6sf-7ba8e680dc4492b8bb2ff9f74faf7cf6 av_one_half  avia-builder-el-12  el_before_av_one_half  avia-builder-el-first  padding-mobile-30 first flex_column_div av-animated-generic bottom-to-top  '     ><style type=\"text\/css\" data-created_by=\"avia_inline_auto\" id=\"style-css-av-27dzn-1b4b67f06cf0e590b6ddcb8d9fd81e4b\">\n#top .av_textblock_section.av-27dzn-1b4b67f06cf0e590b6ddcb8d9fd81e4b .avia_textblock{\ncolor:#ffffff;\n}\n<\/style>\n<section  class='av_textblock_section av-27dzn-1b4b67f06cf0e590b6ddcb8d9fd81e4b '   itemscope=\"itemscope\" itemtype=\"https:\/\/schema.org\/CreativeWork\" ><div class='avia_textblock av_inherit_color'  itemprop=\"text\" ><h3>Confidencialidad<\/h3>\n<p>Conforme con la ley del 11 de marzo de 1957 (art. 41) y el c\u00f3digo de propiedad intelectual del 1 de julio de 1992: todos los textos, ilustraciones, fotograf\u00edas, planos, dibujos, animaciones, videos, sonidos contenidos en este sitio no pueden usarse o reproducirse sin el permiso del editor. Para cualquier solicitud de reproducci\u00f3n o uso de elementos contenidos en este sitio, p\u00f3ngase en contacto con el administrador del sitio. <\/p>\n<h3>Cookies<\/h3>\n<p>Las cookies enviadas por el servidor solo tienen la funci\u00f3n de mejorar la comodidad de la navegaci\u00f3n en el sitio. Si su navegador no los acepta, no hay ninguna restricci\u00f3n al acceso del sitio. Haciendo referencia a la sesi\u00f3n actual.  <\/p>\n<h3>Confidencialidad de datos<\/h3>\n<p>Estamos comprometidos a proteger sus datos personales y su privacidad. Utilizamos la informaci\u00f3n que nos env\u00eda para procesar sus solicitudes y hacerle saber nuestra contestaci\u00f3n. <\/p>\n<h3>Modificaci\u00f3n de su informaci\u00f3n<\/h3>\n<p>De conformidad con el art\u00edculo 27 de la Ley de Protecci\u00f3n de Datos de 6 de enero de 1978, tiene derecho a acceder y rectificar los datos que le conciernen. Para ejercer estos derechos, simplemente comun\u00edquese con el editor del sitio por correo electr\u00f3nico, publicaci\u00f3n o formulario de contacto. <\/p>\n<h3>Transmisi\u00f3n de sus datos personales a terceros<\/h3>\n<p>No vendemos, alquilamos ni compartimos informaci\u00f3n sobre usted de ninguna forma terceros.<\/p>\n<\/div><\/section><\/div>\n<style type=\"text\/css\" data-created_by=\"avia_inline_auto\" id=\"style-css-av-1itqb-61c4caf3889a1ab48820e5998f3c25a1\">\n.flex_column.av-1itqb-61c4caf3889a1ab48820e5998f3c25a1{\npadding:0px 0px 0px 0px;\n}\n<\/style>\n<div  class='flex_column av-1itqb-61c4caf3889a1ab48820e5998f3c25a1 av_one_half  avia-builder-el-14  el_after_av_one_half  avia-builder-el-last  flex_column_div av-animated-generic right-to-left av-hide-on-mobile av-zero-column-padding avia-full-stretch  '     ><\/div>\n\n<\/div><\/div><\/div><!-- close content main div --><\/div><\/div><div id='av_section_6'  class='avia-section av-2q85j-c8e06c470d240a495be87c0615f3e0b8 main_color avia-section-default avia-no-border-styling  avia-builder-el-15  el_after_av_section  el_before_av_section  avia-bg-style-scroll av-minimum-height av-minimum-height-25 av-height-25  container_wrap fullsize'   data-av_minimum_height_pc='25' data-av_min_height_opt='25'><div class='container av-section-cont-open' ><div class='template-page content  av-content-full alpha units'><div class='post-entry post-entry-type-page post-entry-982'><div class='entry-content-wrapper clearfix'>\n<\/div><\/div><\/div><!-- close content main div --><\/div><\/div>\n<style type=\"text\/css\" data-created_by=\"avia_inline_auto\" id=\"style-css-av-25c83-38288012e9b6bbcc9906c02c2fefc59d\">\n.avia-section.av-25c83-38288012e9b6bbcc9906c02c2fefc59d .av-parallax .av-parallax-inner{\nbackground-repeat:no-repeat;\nbackground-image:url(https:\/\/www.lapoignardiere.fr\/wp-content\/uploads\/2024\/01\/la-poignardiere-chambre-hote-deco-1-b.jpg);\nbackground-position:50% 100%;\nbackground-attachment:scroll;\n}\n<\/style>\n<div id='piscine-interieure'  class='avia-section av-25c83-38288012e9b6bbcc9906c02c2fefc59d alternate_color avia-section-huge avia-no-border-styling  avia-builder-el-16  el_after_av_section  el_before_av_section  shift-parallax-section bg-right-shift padding-mobile-0 avia-full-stretch av-parallax-section avia-bg-style-parallax av-minimum-height av-minimum-height-100 av-height-100  container_wrap fullsize'  data-section-bg-repeat='stretch' data-av_minimum_height_pc='100' data-av_min_height_opt='100'><div class='av-parallax' data-avia-parallax-ratio='0.3' ><div class='av-parallax-inner alternate_color avia-full-stretch'><\/div><\/div><div class='container av-section-cont-open' ><div class='template-page content  av-content-full alpha units'><div class='post-entry post-entry-type-page post-entry-982'><div class='entry-content-wrapper clearfix'>\n\n<style type=\"text\/css\" data-created_by=\"avia_inline_auto\" id=\"style-css-av-1ehsf-c481cebba7f7e0241dc876454c0eea87\">\n.flex_column.av-1ehsf-c481cebba7f7e0241dc876454c0eea87{\npadding:60px 60px 60px 60px;\nbackground-color:rgba(124,145,119,0.98);\n}\n<\/style>\n<div  class='flex_column av-1ehsf-c481cebba7f7e0241dc876454c0eea87 av_one_half  avia-builder-el-17  el_before_av_one_half  avia-builder-el-first  padding-mobile-30 first flex_column_div av-animated-generic bottom-to-top  '     ><style type=\"text\/css\" data-created_by=\"avia_inline_auto\" id=\"style-css-av-ls0xe11e-92f951f00c6fc4685115f6a98e42c968\">\n#top .av_textblock_section.av-ls0xe11e-92f951f00c6fc4685115f6a98e42c968 .avia_textblock{\ncolor:#ffffff;\n}\n<\/style>\n<section  class='av_textblock_section av-ls0xe11e-92f951f00c6fc4685115f6a98e42c968 '   itemscope=\"itemscope\" itemtype=\"https:\/\/schema.org\/CreativeWork\" ><div class='avia_textblock av_inherit_color'  itemprop=\"text\" ><h2>T\u00e9rminos y condiciones<\/h2>\n<h3>Check in \/ Check out<\/h3>\n<p>Les arriv\u00e9es se font entre 15 h et 19 h, pour une arriv\u00e9e plus tard, merci de nous pr\u00e9venir. Les chambres doivent \u00eatre lib\u00e9r\u00e9es pour 11 h. Le g\u00eete doit \u00eatre lib\u00e9r\u00e9 pour 10 h. D\u00e9part apr\u00e8s 11h00 jusqu\u2019\u00e0 14h00 (Late check-out ) \u2013 20\u20ac extra \u2013 apr\u00e8s confirmation de l\u2019h\u00f4tel.   <\/p>\n<p><strong>ANIMALES<\/strong><\/p>\n<p>Nuestros amigos animales no son aceptados dentro de nuestro establecimiento.<\/p>\n<h3>Garant\u00eda de reserva<\/h3>\n<p>Se requiere un pago de dep\u00f3sito o un n\u00famero de tarjeta de cr\u00e9dito v\u00e1lido en la fecha de su estad\u00eda para garantizar su reserva. Nos reservamos el derecho de solicitar autorizaci\u00f3n previa para verificar la validez de las tarjetas de cr\u00e9dito. <\/p>\n<h3>Cancelaci\u00f3n<\/h3>\n<p>En caso de cancelaci\u00f3n o modificaci\u00f3n hasta 7 d\u00edas antes de la fecha de llegada, el establecimiento no cobra ning\u00fan gasto. En caso de cancelaci\u00f3n tard\u00eda o no presentaci\u00f3n, el establecimiento exige el 100% del importe de la primera noche. Cualquier estancia iniciada vence en su totalidad hasta la fecha de salida prevista.  <\/p>\n<h3>Servicios<\/h3>\n<p>Los precios incluyen el desayuno (excepto la casa rural y el chalet), el acceso a la piscina y al hammam, el acceso WIFI, el aparcamiento y el garaje para bicicletas y motos.<\/p>\n<p>No dude en contactarnos para cualquier informaci\u00f3n adicional al +33254387814<\/p>\n<h3>N\u00famero de IVA\/SIRET<\/h3>\n<p>IVA : FR18419051933<\/p>\n<p>Siret : 41905193300010<\/p>\n<\/div><\/section><\/div>\n<style type=\"text\/css\" data-created_by=\"avia_inline_auto\" id=\"style-css-av-vmxj-549794d7eacd7247f8fa5126bb6111c1\">\n.flex_column.av-vmxj-549794d7eacd7247f8fa5126bb6111c1{\npadding:0px 0px 0px 0px;\n}\n<\/style>\n<div  class='flex_column av-vmxj-549794d7eacd7247f8fa5126bb6111c1 av_one_half  avia-builder-el-19  el_after_av_one_half  avia-builder-el-last  flex_column_div av-animated-generic right-to-left av-hide-on-mobile av-zero-column-padding avia-full-stretch  '     ><\/div>\n\n<\/div><\/div><\/div><!-- close content main div --><\/div><\/div><div id='av_section_8'  class='avia-section av-ooe3-5d151f76bc95fe7e7449f2d9af1ffca6 main_color avia-section-default avia-no-border-styling  avia-builder-el-20  el_after_av_section  avia-builder-el-last  avia-bg-style-scroll av-minimum-height av-minimum-height-25 av-height-25  container_wrap fullsize'   data-av_minimum_height_pc='25' data-av_min_height_opt='25'><div class='container av-section-cont-open' ><div class='template-page content  av-content-full alpha units'><div class='post-entry post-entry-type-page post-entry-982'><div class='entry-content-wrapper clearfix'>\n","protected":false},"excerpt":{"rendered":"","protected":false},"author":1,"featured_media":0,"parent":0,"menu_order":100,"comment_status":"closed","ping_status":"closed","template":"","meta":{"inline_featured_image":false,"footnotes":""},"class_list":["post-982","page","type-page","status-publish","hentry"],"yoast_head":"<!-- This site is optimized with the Yoast SEO plugin v27.5 - https:\/\/yoast.com\/product\/yoast-seo-wordpress\/ -->\n<title>Avisos legales y T&amp;C - Domaine de La Poignardi\u00e8re<\/title>\n<meta name=\"robots\" content=\"index, follow, max-snippet:-1, max-image-preview:large, max-video-preview:-1\" \/>\n<link rel=\"canonical\" href=\"https:\/\/www.lapoignardiere.fr\/es\/avisos-legales-y-tc\/\" \/>\n<meta property=\"og:locale\" content=\"es_ES\" \/>\n<meta property=\"og:type\" content=\"article\" \/>\n<meta property=\"og:title\" content=\"Avisos legales y T&amp;C - Domaine de La Poignardi\u00e8re\" \/>\n<meta property=\"og:url\" content=\"https:\/\/www.lapoignardiere.fr\/es\/avisos-legales-y-tc\/\" \/>\n<meta property=\"og:site_name\" content=\"Domaine de La Poignardi\u00e8re\" \/>\n<meta property=\"article:publisher\" content=\"https:\/\/www.facebook.com\/lapoignardiere\" \/>\n<meta property=\"article:modified_time\" content=\"2024-01-31T21:37:19+00:00\" \/>\n<meta property=\"og:image\" content=\"https:\/\/www.lapoignardiere.fr\/wp-content\/uploads\/2024\/02\/la-poignardiere-site-accueil.jpg\" \/>\n\t<meta property=\"og:image:width\" content=\"1899\" \/>\n\t<meta property=\"og:image:height\" content=\"1040\" \/>\n\t<meta property=\"og:image:type\" content=\"image\/jpeg\" \/>\n<meta name=\"twitter:card\" content=\"summary_large_image\" \/>\n<meta name=\"twitter:label1\" content=\"Tiempo de lectura\" \/>\n\t<meta name=\"twitter:data1\" content=\"25 minutos\" \/>\n<script type=\"application\/ld+json\" class=\"yoast-schema-graph\">{\"@context\":\"https:\\\/\\\/schema.org\",\"@graph\":[{\"@type\":\"WebPage\",\"@id\":\"https:\\\/\\\/www.lapoignardiere.fr\\\/es\\\/avisos-legales-y-tc\\\/\",\"url\":\"https:\\\/\\\/www.lapoignardiere.fr\\\/es\\\/avisos-legales-y-tc\\\/\",\"name\":\"Avisos legales y T&amp;C - Domaine de La Poignardi\u00e8re\",\"isPartOf\":{\"@id\":\"https:\\\/\\\/www.lapoignardiere.fr\\\/#website\"},\"datePublished\":\"2024-01-30T10:50:34+00:00\",\"dateModified\":\"2024-01-31T21:37:19+00:00\",\"breadcrumb\":{\"@id\":\"https:\\\/\\\/www.lapoignardiere.fr\\\/es\\\/avisos-legales-y-tc\\\/#breadcrumb\"},\"inLanguage\":\"es\",\"potentialAction\":[{\"@type\":\"ReadAction\",\"target\":[\"https:\\\/\\\/www.lapoignardiere.fr\\\/es\\\/avisos-legales-y-tc\\\/\"]}]},{\"@type\":\"BreadcrumbList\",\"@id\":\"https:\\\/\\\/www.lapoignardiere.fr\\\/es\\\/avisos-legales-y-tc\\\/#breadcrumb\",\"itemListElement\":[{\"@type\":\"ListItem\",\"position\":1,\"name\":\"Accueil\",\"item\":\"https:\\\/\\\/www.lapoignardiere.fr\\\/accueil\\\/\"},{\"@type\":\"ListItem\",\"position\":2,\"name\":\"Avisos legales y T&amp;C\"}]},{\"@type\":\"WebSite\",\"@id\":\"https:\\\/\\\/www.lapoignardiere.fr\\\/#website\",\"url\":\"https:\\\/\\\/www.lapoignardiere.fr\\\/\",\"name\":\"Domaine de La Poignardi\u00e8re\",\"description\":\"Chambres d\u2019H\u00f4tes de Charme &amp; R\u00e9ceptions Mariage entre Ch\u00e2teaux de la Loire &amp; ZooParc de Beauval\",\"publisher\":{\"@id\":\"https:\\\/\\\/www.lapoignardiere.fr\\\/#organization\"},\"potentialAction\":[{\"@type\":\"SearchAction\",\"target\":{\"@type\":\"EntryPoint\",\"urlTemplate\":\"https:\\\/\\\/www.lapoignardiere.fr\\\/?s={search_term_string}\"},\"query-input\":{\"@type\":\"PropertyValueSpecification\",\"valueRequired\":true,\"valueName\":\"search_term_string\"}}],\"inLanguage\":\"es\"},{\"@type\":\"Organization\",\"@id\":\"https:\\\/\\\/www.lapoignardiere.fr\\\/#organization\",\"name\":\"Domaine de La Poignardi\u00e8re\",\"url\":\"https:\\\/\\\/www.lapoignardiere.fr\\\/\",\"logo\":{\"@type\":\"ImageObject\",\"inLanguage\":\"es\",\"@id\":\"https:\\\/\\\/www.lapoignardiere.fr\\\/#\\\/schema\\\/logo\\\/image\\\/\",\"url\":\"https:\\\/\\\/www.lapoignardiere.fr\\\/wp-content\\\/uploads\\\/2024\\\/01\\\/logo-vert.png\",\"contentUrl\":\"https:\\\/\\\/www.lapoignardiere.fr\\\/wp-content\\\/uploads\\\/2024\\\/01\\\/logo-vert.png\",\"width\":340,\"height\":156,\"caption\":\"Domaine de La Poignardi\u00e8re\"},\"image\":{\"@id\":\"https:\\\/\\\/www.lapoignardiere.fr\\\/#\\\/schema\\\/logo\\\/image\\\/\"},\"sameAs\":[\"https:\\\/\\\/www.facebook.com\\\/lapoignardiere\",\"https:\\\/\\\/www.instagram.com\\\/domainedelapoignardiere\\\/\"]}]}<\/script>\n<!-- \/ Yoast SEO plugin. -->","yoast_head_json":{"title":"Avisos legales y T&amp;C - Domaine de La Poignardi\u00e8re","robots":{"index":"index","follow":"follow","max-snippet":"max-snippet:-1","max-image-preview":"max-image-preview:large","max-video-preview":"max-video-preview:-1"},"canonical":"https:\/\/www.lapoignardiere.fr\/es\/avisos-legales-y-tc\/","og_locale":"es_ES","og_type":"article","og_title":"Avisos legales y T&amp;C - Domaine de La Poignardi\u00e8re","og_url":"https:\/\/www.lapoignardiere.fr\/es\/avisos-legales-y-tc\/","og_site_name":"Domaine de La Poignardi\u00e8re","article_publisher":"https:\/\/www.facebook.com\/lapoignardiere","article_modified_time":"2024-01-31T21:37:19+00:00","og_image":[{"width":1899,"height":1040,"url":"https:\/\/www.lapoignardiere.fr\/wp-content\/uploads\/2024\/02\/la-poignardiere-site-accueil.jpg","type":"image\/jpeg"}],"twitter_card":"summary_large_image","twitter_misc":{"Tiempo de lectura":"25 minutos"},"schema":{"@context":"https:\/\/schema.org","@graph":[{"@type":"WebPage","@id":"https:\/\/www.lapoignardiere.fr\/es\/avisos-legales-y-tc\/","url":"https:\/\/www.lapoignardiere.fr\/es\/avisos-legales-y-tc\/","name":"Avisos legales y T&amp;C - Domaine de La Poignardi\u00e8re","isPartOf":{"@id":"https:\/\/www.lapoignardiere.fr\/#website"},"datePublished":"2024-01-30T10:50:34+00:00","dateModified":"2024-01-31T21:37:19+00:00","breadcrumb":{"@id":"https:\/\/www.lapoignardiere.fr\/es\/avisos-legales-y-tc\/#breadcrumb"},"inLanguage":"es","potentialAction":[{"@type":"ReadAction","target":["https:\/\/www.lapoignardiere.fr\/es\/avisos-legales-y-tc\/"]}]},{"@type":"BreadcrumbList","@id":"https:\/\/www.lapoignardiere.fr\/es\/avisos-legales-y-tc\/#breadcrumb","itemListElement":[{"@type":"ListItem","position":1,"name":"Accueil","item":"https:\/\/www.lapoignardiere.fr\/accueil\/"},{"@type":"ListItem","position":2,"name":"Avisos legales y T&amp;C"}]},{"@type":"WebSite","@id":"https:\/\/www.lapoignardiere.fr\/#website","url":"https:\/\/www.lapoignardiere.fr\/","name":"Domaine de La Poignardi\u00e8re","description":"Chambres d\u2019H\u00f4tes de Charme &amp; R\u00e9ceptions Mariage entre Ch\u00e2teaux de la Loire &amp; ZooParc de Beauval","publisher":{"@id":"https:\/\/www.lapoignardiere.fr\/#organization"},"potentialAction":[{"@type":"SearchAction","target":{"@type":"EntryPoint","urlTemplate":"https:\/\/www.lapoignardiere.fr\/?s={search_term_string}"},"query-input":{"@type":"PropertyValueSpecification","valueRequired":true,"valueName":"search_term_string"}}],"inLanguage":"es"},{"@type":"Organization","@id":"https:\/\/www.lapoignardiere.fr\/#organization","name":"Domaine de La Poignardi\u00e8re","url":"https:\/\/www.lapoignardiere.fr\/","logo":{"@type":"ImageObject","inLanguage":"es","@id":"https:\/\/www.lapoignardiere.fr\/#\/schema\/logo\/image\/","url":"https:\/\/www.lapoignardiere.fr\/wp-content\/uploads\/2024\/01\/logo-vert.png","contentUrl":"https:\/\/www.lapoignardiere.fr\/wp-content\/uploads\/2024\/01\/logo-vert.png","width":340,"height":156,"caption":"Domaine de La Poignardi\u00e8re"},"image":{"@id":"https:\/\/www.lapoignardiere.fr\/#\/schema\/logo\/image\/"},"sameAs":["https:\/\/www.facebook.com\/lapoignardiere","https:\/\/www.instagram.com\/domainedelapoignardiere\/"]}]}},"_links":{"self":[{"href":"https:\/\/www.lapoignardiere.fr\/es\/wp-json\/wp\/v2\/pages\/982","targetHints":{"allow":["GET"]}}],"collection":[{"href":"https:\/\/www.lapoignardiere.fr\/es\/wp-json\/wp\/v2\/pages"}],"about":[{"href":"https:\/\/www.lapoignardiere.fr\/es\/wp-json\/wp\/v2\/types\/page"}],"author":[{"embeddable":true,"href":"https:\/\/www.lapoignardiere.fr\/es\/wp-json\/wp\/v2\/users\/1"}],"replies":[{"embeddable":true,"href":"https:\/\/www.lapoignardiere.fr\/es\/wp-json\/wp\/v2\/comments?post=982"}],"version-history":[{"count":2,"href":"https:\/\/www.lapoignardiere.fr\/es\/wp-json\/wp\/v2\/pages\/982\/revisions"}],"predecessor-version":[{"id":984,"href":"https:\/\/www.lapoignardiere.fr\/es\/wp-json\/wp\/v2\/pages\/982\/revisions\/984"}],"wp:attachment":[{"href":"https:\/\/www.lapoignardiere.fr\/es\/wp-json\/wp\/v2\/media?parent=982"}],"curies":[{"name":"wp","href":"https:\/\/api.w.org\/{rel}","templated":true}]}}