{"id":919,"date":"2024-01-30T11:40:26","date_gmt":"2024-01-30T10:40:26","guid":{"rendered":"https:\/\/www.lapoignardiere.fr\/alojamientos\/"},"modified":"2024-02-09T16:16:50","modified_gmt":"2024-02-09T15:16:50","slug":"alojamientos","status":"publish","type":"page","link":"https:\/\/www.lapoignardiere.fr\/es\/alojamientos\/","title":{"rendered":"Alojamiento"},"content":{"rendered":"\n<style type=\"text\/css\" data-created_by=\"avia_inline_auto\" id=\"style-css-av-vave-12f185f6f5503fd81c469348f6a39b3c\">\n#top .av-masonry.av-vave-12f185f6f5503fd81c469348f6a39b3c{\nbackground-color:#ffffff;\n}\n<\/style>\n<div id='av-masonry-1' class='av-masonry av-vave-12f185f6f5503fd81c469348f6a39b3c noHover av-fixed-size av-large-gap av-hover-overlay-active av-masonry-animation-active av-masonry-col-3 av-caption-always av-caption-style- av-masonry-gallery av-medium-columns-overwrite av-medium-columns-3 av-orientation-portrait ' data-post_id=\"919\"><div class=\"av-masonry-container isotope av-js-disabled\"><div class='av-masonry-entry isotope-item av-masonry-item-no-image '><\/div><a href=\"https:\/\/www.lapoignardiere.fr\/es\/alojamientos\/habitaciones\/\"  aria-label=\"image La Poignardi\u00e8re - Chambre Ginette\"  id='av-masonry-1-item-234' data-av-masonry-item='234' class='av-masonry-entry isotope-item post-234 attachment type-attachment status-inherit hentry  av-masonry-item-with-image' title=\"\" alt=\"La Poignardi\u00e8re - Chambre Ginette\"  data-av-masonry-custom-link=\"https:\/\/www.lapoignardiere.fr\/es\/alojamientos\/habitaciones\/\"  itemprop=\"thumbnailUrl\" ><div class='av-inner-masonry-sizer'><\/div><figure class='av-inner-masonry main_color'><div class=\"av-masonry-outerimage-container\"><div class='av-masonry-image-container' style=\"background-image: url(https:\/\/www.lapoignardiere.fr\/wp-content\/uploads\/2024\/01\/la-poignardiere-chambre-hote-10-b.jpg);\" ><\/div><\/div><figcaption class='av-inner-masonry-content site-background'><div class='av-inner-masonry-content-pos'><div class='av-inner-masonry-content-pos-content'><div class='avia-arrow'><\/div><div class='av-masonry-entry-content entry-content'  itemprop=\"text\" >Habitaciones<\/div><\/div><\/div><\/figcaption><\/figure><\/a><!--end av-masonry entry--><a href=\"https:\/\/www.lapoignardiere.fr\/es\/alojamientos\/el-cottage\/\"  aria-label=\"image La Poignardi\u00e8re - G\u00eete - Chambre lit double\"  id='av-masonry-1-item-378' data-av-masonry-item='378' class='av-masonry-entry isotope-item post-378 attachment type-attachment status-inherit hentry  av-masonry-item-with-image' title=\"\" alt=\"La Poignardi\u00e8re - G\u00eete - Chambre lit double\"  data-av-masonry-custom-link=\"https:\/\/www.lapoignardiere.fr\/es\/alojamientos\/el-cottage\/\"  itemprop=\"thumbnailUrl\" ><div class='av-inner-masonry-sizer'><\/div><figure class='av-inner-masonry main_color'><div class=\"av-masonry-outerimage-container\"><div class='av-masonry-image-container' style=\"background-image: url(https:\/\/www.lapoignardiere.fr\/wp-content\/uploads\/2024\/01\/la-poignardiere-gite-chambre-1-b.jpg);\" ><\/div><\/div><figcaption class='av-inner-masonry-content site-background'><div class='av-inner-masonry-content-pos'><div class='av-inner-masonry-content-pos-content'><div class='avia-arrow'><\/div><div class='av-masonry-entry-content entry-content'  itemprop=\"text\" >El Cottage\/Casa<\/div><\/div><\/div><\/figcaption><\/figure><\/a><!--end av-masonry entry--><a href=\"https:\/\/www.lapoignardiere.fr\/es\/alojamientos\/la-cabana\/\"  aria-label=\"image La Poignardi\u00e8re - Chalet 8 personnes\"  id='av-masonry-1-item-90' data-av-masonry-item='90' class='av-masonry-entry isotope-item post-90 attachment type-attachment status-inherit hentry  av-masonry-item-with-image' title=\"\" alt=\"La Poignardi\u00e8re - Chalet 8 personnes\"  data-av-masonry-custom-link=\"https:\/\/www.lapoignardiere.fr\/es\/alojamientos\/la-cabana\/\"  itemprop=\"thumbnailUrl\" ><div class='av-inner-masonry-sizer'><\/div><figure class='av-inner-masonry main_color'><div class=\"av-masonry-outerimage-container\"><div class='av-masonry-image-container' style=\"background-image: url(https:\/\/www.lapoignardiere.fr\/wp-content\/uploads\/2024\/01\/la-poignardiere-chalet-7.jpg);\" ><\/div><\/div><figcaption class='av-inner-masonry-content site-background'><div class='av-inner-masonry-content-pos'><div class='av-inner-masonry-content-pos-content'><div class='avia-arrow'><\/div><div class='av-masonry-entry-content entry-content'  itemprop=\"text\" >La Cabana<\/div><\/div><\/div><\/figcaption><\/figure><\/a><!--end av-masonry entry--><\/div><\/div>\n","protected":false},"excerpt":{"rendered":"","protected":false},"author":1,"featured_media":0,"parent":0,"menu_order":30,"comment_status":"closed","ping_status":"closed","template":"","meta":{"inline_featured_image":false,"footnotes":""},"class_list":["post-919","page","type-page","status-publish","hentry"],"yoast_head":"<!-- This site is optimized with the Yoast SEO plugin v27.3 - https:\/\/yoast.com\/product\/yoast-seo-wordpress\/ -->\n<title>Bed and Breakfast y Casa Rural Zool\u00f3gico de Beauval y Castillos del Loira - Domaine de La Poignardi\u00e8re<\/title>\n<meta name=\"description\" content=\"Reserve un Bed and Breakfast con encanto, nuestra casa rural en Indre et Loire, cerca del zool\u00f3gico de Beauval y de los castillos del Loira, mientras disfruta de nuestras piscinas cubiertas y al aire libre y de nuestro parque arbolado.\" \/>\n<meta name=\"robots\" content=\"index, follow, max-snippet:-1, max-image-preview:large, max-video-preview:-1\" \/>\n<link rel=\"canonical\" href=\"https:\/\/www.lapoignardiere.fr\/es\/alojamientos\/\" \/>\n<meta property=\"og:locale\" content=\"es_ES\" \/>\n<meta property=\"og:type\" content=\"article\" \/>\n<meta property=\"og:title\" content=\"Bed and Breakfast y Casa Rural Zool\u00f3gico de Beauval y Castillos del Loira - Domaine de La Poignardi\u00e8re\" \/>\n<meta property=\"og:description\" content=\"Reserve un Bed and Breakfast con encanto, nuestra casa rural en Indre et Loire, cerca del zool\u00f3gico de Beauval y de los castillos del Loira, mientras disfruta de nuestras piscinas cubiertas y al aire libre y de nuestro parque arbolado.\" \/>\n<meta property=\"og:url\" content=\"https:\/\/www.lapoignardiere.fr\/es\/alojamientos\/\" \/>\n<meta property=\"og:site_name\" content=\"Domaine de La Poignardi\u00e8re\" \/>\n<meta property=\"article:publisher\" content=\"https:\/\/www.facebook.com\/lapoignardiere\" \/>\n<meta property=\"article:modified_time\" content=\"2024-02-09T15:16:50+00:00\" \/>\n<meta property=\"og:image\" content=\"https:\/\/www.lapoignardiere.fr\/wp-content\/uploads\/2024\/02\/la-poignardiere-site-accueil.jpg\" \/>\n\t<meta property=\"og:image:width\" content=\"1899\" \/>\n\t<meta property=\"og:image:height\" content=\"1040\" \/>\n\t<meta property=\"og:image:type\" content=\"image\/jpeg\" \/>\n<meta name=\"twitter:card\" content=\"summary_large_image\" \/>\n<meta name=\"twitter:label1\" content=\"Tiempo de lectura\" \/>\n\t<meta name=\"twitter:data1\" content=\"1 minuto\" \/>\n<script type=\"application\/ld+json\" class=\"yoast-schema-graph\">{\"@context\":\"https:\\\/\\\/schema.org\",\"@graph\":[{\"@type\":\"WebPage\",\"@id\":\"https:\\\/\\\/www.lapoignardiere.fr\\\/es\\\/alojamientos\\\/\",\"url\":\"https:\\\/\\\/www.lapoignardiere.fr\\\/es\\\/alojamientos\\\/\",\"name\":\"Bed and Breakfast y Casa Rural Zool\u00f3gico de Beauval y Castillos del Loira - Domaine de La Poignardi\u00e8re\",\"isPartOf\":{\"@id\":\"https:\\\/\\\/www.lapoignardiere.fr\\\/#website\"},\"datePublished\":\"2024-01-30T10:40:26+00:00\",\"dateModified\":\"2024-02-09T15:16:50+00:00\",\"description\":\"Reserve un Bed and Breakfast con encanto, nuestra casa rural en Indre et Loire, cerca del zool\u00f3gico de Beauval y de los castillos del Loira, mientras disfruta de nuestras piscinas cubiertas y al aire libre y de nuestro parque arbolado.\",\"breadcrumb\":{\"@id\":\"https:\\\/\\\/www.lapoignardiere.fr\\\/es\\\/alojamientos\\\/#breadcrumb\"},\"inLanguage\":\"es\",\"potentialAction\":[{\"@type\":\"ReadAction\",\"target\":[\"https:\\\/\\\/www.lapoignardiere.fr\\\/es\\\/alojamientos\\\/\"]}]},{\"@type\":\"BreadcrumbList\",\"@id\":\"https:\\\/\\\/www.lapoignardiere.fr\\\/es\\\/alojamientos\\\/#breadcrumb\",\"itemListElement\":[{\"@type\":\"ListItem\",\"position\":1,\"name\":\"Accueil\",\"item\":\"https:\\\/\\\/www.lapoignardiere.fr\\\/accueil\\\/\"},{\"@type\":\"ListItem\",\"position\":2,\"name\":\"Alojamiento\"}]},{\"@type\":\"WebSite\",\"@id\":\"https:\\\/\\\/www.lapoignardiere.fr\\\/#website\",\"url\":\"https:\\\/\\\/www.lapoignardiere.fr\\\/\",\"name\":\"Domaine de La Poignardi\u00e8re\",\"description\":\"Chambres d\u2019H\u00f4tes de Charme &amp; R\u00e9ceptions Mariage entre Ch\u00e2teaux de la Loire &amp; ZooParc de Beauval\",\"publisher\":{\"@id\":\"https:\\\/\\\/www.lapoignardiere.fr\\\/#organization\"},\"potentialAction\":[{\"@type\":\"SearchAction\",\"target\":{\"@type\":\"EntryPoint\",\"urlTemplate\":\"https:\\\/\\\/www.lapoignardiere.fr\\\/?s={search_term_string}\"},\"query-input\":{\"@type\":\"PropertyValueSpecification\",\"valueRequired\":true,\"valueName\":\"search_term_string\"}}],\"inLanguage\":\"es\"},{\"@type\":\"Organization\",\"@id\":\"https:\\\/\\\/www.lapoignardiere.fr\\\/#organization\",\"name\":\"Domaine de La Poignardi\u00e8re\",\"url\":\"https:\\\/\\\/www.lapoignardiere.fr\\\/\",\"logo\":{\"@type\":\"ImageObject\",\"inLanguage\":\"es\",\"@id\":\"https:\\\/\\\/www.lapoignardiere.fr\\\/#\\\/schema\\\/logo\\\/image\\\/\",\"url\":\"https:\\\/\\\/www.lapoignardiere.fr\\\/wp-content\\\/uploads\\\/2024\\\/01\\\/logo-vert.png\",\"contentUrl\":\"https:\\\/\\\/www.lapoignardiere.fr\\\/wp-content\\\/uploads\\\/2024\\\/01\\\/logo-vert.png\",\"width\":340,\"height\":156,\"caption\":\"Domaine de La Poignardi\u00e8re\"},\"image\":{\"@id\":\"https:\\\/\\\/www.lapoignardiere.fr\\\/#\\\/schema\\\/logo\\\/image\\\/\"},\"sameAs\":[\"https:\\\/\\\/www.facebook.com\\\/lapoignardiere\",\"https:\\\/\\\/www.instagram.com\\\/domainedelapoignardiere\\\/\"]}]}<\/script>\n<!-- \/ Yoast SEO plugin. -->","yoast_head_json":{"title":"Bed and Breakfast y Casa Rural Zool\u00f3gico de Beauval y Castillos del Loira - Domaine de La Poignardi\u00e8re","description":"Reserve un Bed and Breakfast con encanto, nuestra casa rural en Indre et Loire, cerca del zool\u00f3gico de Beauval y de los castillos del Loira, mientras disfruta de nuestras piscinas cubiertas y al aire libre y de nuestro parque arbolado.","robots":{"index":"index","follow":"follow","max-snippet":"max-snippet:-1","max-image-preview":"max-image-preview:large","max-video-preview":"max-video-preview:-1"},"canonical":"https:\/\/www.lapoignardiere.fr\/es\/alojamientos\/","og_locale":"es_ES","og_type":"article","og_title":"Bed and Breakfast y Casa Rural Zool\u00f3gico de Beauval y Castillos del Loira - Domaine de La Poignardi\u00e8re","og_description":"Reserve un Bed and Breakfast con encanto, nuestra casa rural en Indre et Loire, cerca del zool\u00f3gico de Beauval y de los castillos del Loira, mientras disfruta de nuestras piscinas cubiertas y al aire libre y de nuestro parque arbolado.","og_url":"https:\/\/www.lapoignardiere.fr\/es\/alojamientos\/","og_site_name":"Domaine de La Poignardi\u00e8re","article_publisher":"https:\/\/www.facebook.com\/lapoignardiere","article_modified_time":"2024-02-09T15:16:50+00:00","og_image":[{"width":1899,"height":1040,"url":"https:\/\/www.lapoignardiere.fr\/wp-content\/uploads\/2024\/02\/la-poignardiere-site-accueil.jpg","type":"image\/jpeg"}],"twitter_card":"summary_large_image","twitter_misc":{"Tiempo de lectura":"1 minuto"},"schema":{"@context":"https:\/\/schema.org","@graph":[{"@type":"WebPage","@id":"https:\/\/www.lapoignardiere.fr\/es\/alojamientos\/","url":"https:\/\/www.lapoignardiere.fr\/es\/alojamientos\/","name":"Bed and Breakfast y Casa Rural Zool\u00f3gico de Beauval y Castillos del Loira - Domaine de La Poignardi\u00e8re","isPartOf":{"@id":"https:\/\/www.lapoignardiere.fr\/#website"},"datePublished":"2024-01-30T10:40:26+00:00","dateModified":"2024-02-09T15:16:50+00:00","description":"Reserve un Bed and Breakfast con encanto, nuestra casa rural en Indre et Loire, cerca del zool\u00f3gico de Beauval y de los castillos del Loira, mientras disfruta de nuestras piscinas cubiertas y al aire libre y de nuestro parque arbolado.","breadcrumb":{"@id":"https:\/\/www.lapoignardiere.fr\/es\/alojamientos\/#breadcrumb"},"inLanguage":"es","potentialAction":[{"@type":"ReadAction","target":["https:\/\/www.lapoignardiere.fr\/es\/alojamientos\/"]}]},{"@type":"BreadcrumbList","@id":"https:\/\/www.lapoignardiere.fr\/es\/alojamientos\/#breadcrumb","itemListElement":[{"@type":"ListItem","position":1,"name":"Accueil","item":"https:\/\/www.lapoignardiere.fr\/accueil\/"},{"@type":"ListItem","position":2,"name":"Alojamiento"}]},{"@type":"WebSite","@id":"https:\/\/www.lapoignardiere.fr\/#website","url":"https:\/\/www.lapoignardiere.fr\/","name":"Domaine de La Poignardi\u00e8re","description":"Chambres d\u2019H\u00f4tes de Charme &amp; R\u00e9ceptions Mariage entre Ch\u00e2teaux de la Loire &amp; ZooParc de Beauval","publisher":{"@id":"https:\/\/www.lapoignardiere.fr\/#organization"},"potentialAction":[{"@type":"SearchAction","target":{"@type":"EntryPoint","urlTemplate":"https:\/\/www.lapoignardiere.fr\/?s={search_term_string}"},"query-input":{"@type":"PropertyValueSpecification","valueRequired":true,"valueName":"search_term_string"}}],"inLanguage":"es"},{"@type":"Organization","@id":"https:\/\/www.lapoignardiere.fr\/#organization","name":"Domaine de La Poignardi\u00e8re","url":"https:\/\/www.lapoignardiere.fr\/","logo":{"@type":"ImageObject","inLanguage":"es","@id":"https:\/\/www.lapoignardiere.fr\/#\/schema\/logo\/image\/","url":"https:\/\/www.lapoignardiere.fr\/wp-content\/uploads\/2024\/01\/logo-vert.png","contentUrl":"https:\/\/www.lapoignardiere.fr\/wp-content\/uploads\/2024\/01\/logo-vert.png","width":340,"height":156,"caption":"Domaine de La Poignardi\u00e8re"},"image":{"@id":"https:\/\/www.lapoignardiere.fr\/#\/schema\/logo\/image\/"},"sameAs":["https:\/\/www.facebook.com\/lapoignardiere","https:\/\/www.instagram.com\/domainedelapoignardiere\/"]}]}},"_links":{"self":[{"href":"https:\/\/www.lapoignardiere.fr\/es\/wp-json\/wp\/v2\/pages\/919","targetHints":{"allow":["GET"]}}],"collection":[{"href":"https:\/\/www.lapoignardiere.fr\/es\/wp-json\/wp\/v2\/pages"}],"about":[{"href":"https:\/\/www.lapoignardiere.fr\/es\/wp-json\/wp\/v2\/types\/page"}],"author":[{"embeddable":true,"href":"https:\/\/www.lapoignardiere.fr\/es\/wp-json\/wp\/v2\/users\/1"}],"replies":[{"embeddable":true,"href":"https:\/\/www.lapoignardiere.fr\/es\/wp-json\/wp\/v2\/comments?post=919"}],"version-history":[{"count":2,"href":"https:\/\/www.lapoignardiere.fr\/es\/wp-json\/wp\/v2\/pages\/919\/revisions"}],"predecessor-version":[{"id":1051,"href":"https:\/\/www.lapoignardiere.fr\/es\/wp-json\/wp\/v2\/pages\/919\/revisions\/1051"}],"wp:attachment":[{"href":"https:\/\/www.lapoignardiere.fr\/es\/wp-json\/wp\/v2\/media?parent=919"}],"curies":[{"name":"wp","href":"https:\/\/api.w.org\/{rel}","templated":true}]}}