{"id":963,"date":"2024-01-30T11:47:51","date_gmt":"2024-01-30T10:47:51","guid":{"rendered":"https:\/\/www.lapoignardiere.fr\/contact\/"},"modified":"2024-02-02T15:29:52","modified_gmt":"2024-02-02T14:29:52","slug":"contact","status":"publish","type":"page","link":"https:\/\/www.lapoignardiere.fr\/en\/contact\/","title":{"rendered":"Contact"},"content":{"rendered":"\n<style type=\"text\/css\" data-created_by=\"avia_inline_auto\" id=\"style-css-av-1dmzx-df3a0f70a4efe3553f97f16c65f57d76\">\n.avia-section.av-1dmzx-df3a0f70a4efe3553f97f16c65f57d76 .av-parallax .av-parallax-inner{\nbackground-repeat:no-repeat;\nbackground-image:url(https:\/\/www.lapoignardiere.fr\/wp-content\/uploads\/2024\/01\/la-poignardiere-vue-piscine.jpg);\nbackground-position:50% 100%;\nbackground-attachment:scroll;\n}\n<\/style>\n<div id='av_section_1'  class='avia-section av-1dmzx-df3a0f70a4efe3553f97f16c65f57d76 alternate_color avia-section-default avia-no-border-styling  avia-builder-el-0  el_before_av_section  avia-builder-el-first  avia-full-stretch av-parallax-section avia-bg-style-parallax av-minimum-height av-minimum-height-100 av-height-100  container_wrap fullsize'  data-section-bg-repeat='stretch' data-av_minimum_height_pc='100' data-av_min_height_opt='100'><div class='av-parallax' data-avia-parallax-ratio='0.3' ><div class='av-parallax-inner alternate_color avia-full-stretch'><\/div><\/div><div class='container av-section-cont-open' ><main  role=\"main\" itemprop=\"mainContentOfPage\"  class='template-page content  av-content-full alpha units'><div class='post-entry post-entry-type-page post-entry-963'><div class='entry-content-wrapper clearfix'>\n<div  class='flex_column av-djm1t-bd2e8be903e096ce7c93157305eb70d3 av_one_fifth  avia-builder-el-1  el_before_av_three_fifth  avia-builder-el-first  first flex_column_div av-hide-on-mobile  '     ><\/div>\n<style type=\"text\/css\" data-created_by=\"avia_inline_auto\" id=\"style-css-av-cr16x-51de4ee0d3fce7490616c84e04478be8\">\n.flex_column.av-cr16x-51de4ee0d3fce7490616c84e04478be8{\nborder-width:9px;\nborder-color:#a0907b;\nborder-style:solid;\npadding:30px 30px 30px 30px;\nbackground-color:rgba(0,0,0,0.75);\n}\n<\/style>\n<div  class='flex_column av-cr16x-51de4ee0d3fce7490616c84e04478be8 av_three_fifth  avia-builder-el-2  el_after_av_one_fifth  el_before_av_one_fifth  flex_column_div av-animated-generic bottom-to-top  '     ><style type=\"text\/css\" data-created_by=\"avia_inline_auto\" id=\"style-css-av-c2041-60e419a27242758d25d903eb4f45acc2\">\n#top .av-special-heading.av-c2041-60e419a27242758d25d903eb4f45acc2{\npadding-bottom:10px;\n}\nbody .av-special-heading.av-c2041-60e419a27242758d25d903eb4f45acc2 .av-special-heading-tag .heading-char{\nfont-size:25px;\n}\n.av-special-heading.av-c2041-60e419a27242758d25d903eb4f45acc2 .av-subheading{\nfont-size:21px;\n}\n<\/style>\n<div  class='av-special-heading av-c2041-60e419a27242758d25d903eb4f45acc2 av-special-heading-h1 blockquote modern-quote modern-centered  avia-builder-el-3  avia-builder-el-no-sibling '><h1 class='av-special-heading-tag '  itemprop=\"headline\"  >Contact us<\/h1><div class='av-subheading av-subheading_below'><p>Domaine de La Poignardiere<br \/>\n36700 Ch\u00e2tillon-sur-Indre<br \/>\nPhone : <a href=\"tel:+33254387814\">+33 (0)2 54 38 78 14<\/a><\/p>\n<\/div><div class=\"special-heading-border\"><div class=\"special-heading-inner-border\"><\/div><\/div><\/div><\/div><div  class='flex_column av-bi0wd-b24acbb04e7010641196b02c0cb67931 av_one_fifth  avia-builder-el-4  el_after_av_three_fifth  avia-builder-el-last  flex_column_div av-hide-on-mobile  '     ><\/div>\n\n<\/div><\/div><\/main><!-- close content main element --><\/div><\/div><div id='av_section_2'  class='avia-section av-avzj9-01df5f7076ed2e351d9ddc5119ba0ea2 main_color avia-section-default avia-no-border-styling  avia-builder-el-5  el_after_av_section  el_before_av_section  avia-bg-style-scroll av-minimum-height av-minimum-height-25 av-height-25  container_wrap fullsize'   data-av_minimum_height_pc='25' data-av_min_height_opt='25'><div class='container av-section-cont-open' ><div class='template-page content  av-content-full alpha units'><div class='post-entry post-entry-type-page post-entry-963'><div class='entry-content-wrapper clearfix'>\n<\/div><\/div><\/div><!-- close content main div --><\/div><\/div>\n<style type=\"text\/css\" data-created_by=\"avia_inline_auto\" id=\"style-css-av-aa97d-9f27be360c281994fe667da49120b08b\">\n.avia-section.av-aa97d-9f27be360c281994fe667da49120b08b .av-parallax .av-parallax-inner{\nbackground-repeat:no-repeat;\nbackground-image:url(https:\/\/www.lapoignardiere.fr\/wp-content\/uploads\/2024\/01\/la-poignardiere-exterieurs-3.jpg);\nbackground-position:0% 50%;\nbackground-attachment:scroll;\n}\n<\/style>\n<div id='av_section_3'  class='avia-section av-aa97d-9f27be360c281994fe667da49120b08b alternate_color avia-section-huge avia-no-border-styling  avia-builder-el-6  el_after_av_section  el_before_av_section  shift-parallax-section bg-left-shift padding-mobile-0 avia-full-stretch av-parallax-section avia-bg-style-parallax av-minimum-height av-minimum-height-100 av-height-100  container_wrap fullsize'  data-section-bg-repeat='stretch' data-av_minimum_height_pc='100' data-av_min_height_opt='100'><div class='av-parallax' data-avia-parallax-ratio='0.3' ><div class='av-parallax-inner alternate_color avia-full-stretch'><\/div><\/div><div class='container av-section-cont-open' ><div class='template-page content  av-content-full alpha units'><div class='post-entry post-entry-type-page post-entry-963'><div class='entry-content-wrapper clearfix'>\n\n<style type=\"text\/css\" data-created_by=\"avia_inline_auto\" id=\"style-css-av-9scj1-8eec9888a52b9b9d0dab80d8f3e81f56\">\n.flex_column.av-9scj1-8eec9888a52b9b9d0dab80d8f3e81f56{\npadding:0px 0px 0px 0px;\n}\n<\/style>\n<div  class='flex_column av-9scj1-8eec9888a52b9b9d0dab80d8f3e81f56 av_one_half  avia-builder-el-7  el_before_av_one_half  avia-builder-el-first  first flex_column_div av-animated-generic right-to-left av-hide-on-mobile av-zero-column-padding avia-full-stretch  '     ><\/div>\n<style type=\"text\/css\" data-created_by=\"avia_inline_auto\" id=\"style-css-av-98g3d-664cbb33519912a497b5e29fb0e5b920\">\n.flex_column.av-98g3d-664cbb33519912a497b5e29fb0e5b920{\npadding:60px 60px 60px 60px;\nbackground-color:#a0907b;\n}\n<\/style>\n<div  class='flex_column av-98g3d-664cbb33519912a497b5e29fb0e5b920 av_one_half  avia-builder-el-8  el_after_av_one_half  avia-builder-el-last  padding-mobile-30 flex_column_div av-animated-generic bottom-to-top  '     ><p>\n<style type=\"text\/css\" data-created_by=\"avia_inline_auto\" id=\"style-css-av-8lfe1-27d0664624f624380d6fd6ac4eb42b81\">\n#top .av-special-heading.av-8lfe1-27d0664624f624380d6fd6ac4eb42b81{\npadding-bottom:10px;\ncolor:#ffffff;\n}\nbody .av-special-heading.av-8lfe1-27d0664624f624380d6fd6ac4eb42b81 .av-special-heading-tag .heading-char{\nfont-size:25px;\n}\n.av-special-heading.av-8lfe1-27d0664624f624380d6fd6ac4eb42b81 .special-heading-inner-border{\nborder-color:#ffffff;\n}\n.av-special-heading.av-8lfe1-27d0664624f624380d6fd6ac4eb42b81 .av-subheading{\nfont-size:15px;\n}\n<\/style>\n<div  class='av-special-heading av-8lfe1-27d0664624f624380d6fd6ac4eb42b81 av-special-heading-h3 custom-color-heading blockquote modern-quote  avia-builder-el-9  el_before_av_textblock  avia-builder-el-first '><h3 class='av-special-heading-tag '  itemprop=\"headline\"  >Contact us by formular<\/h3><div class=\"special-heading-border\"><div class=\"special-heading-inner-border\"><\/div><\/div><\/div><br \/>\n\n<style type=\"text\/css\" data-created_by=\"avia_inline_auto\" id=\"style-css-av-8895t-e278ef7cb2ad291ef03fc658081ab925\">\n#top .av_textblock_section.av-8895t-e278ef7cb2ad291ef03fc658081ab925 .avia_textblock{\ncolor:#ffffff;\n}\n<\/style>\n<section  class='av_textblock_section av-8895t-e278ef7cb2ad291ef03fc658081ab925 '   itemscope=\"itemscope\" itemtype=\"https:\/\/schema.org\/CreativeWork\" ><div class='avia_textblock av_inherit_color'  itemprop=\"text\" ><p>Please fill in the following form:<\/p>\n<\/div><\/section><br \/>\n<form action=\"https:\/\/www.lapoignardiere.fr\/en\/contact\/\" method=\"post\" data-fields-with-error=\"Found errors in the following field(s):\" class=\"avia_ajax_form av-form-labels-hidden   avia-builder-el-11  el_after_av_textblock  avia-builder-el-last  contact-form-widget av-custom-form-color av-light-form \" data-avia-form-id=\"1\" data-avia-redirect='' ><fieldset><p class='  first_form  form_element form_fullwidth' id='element_avia_1_1'><label for=\"avia_1_1\">Name <abbr class=\"required\" title=\"required\">*<\/abbr><\/label> <input name=\"avia_1_1\" class=\"text_input is_empty\" type=\"text\" id=\"avia_1_1\" value=\"\"  placeholder='Name*'\/><\/p><p class='  first_form  form_element form_fullwidth' id='element_avia_2_1'><label for=\"avia_2_1\">Surname <abbr class=\"required\" title=\"required\">*<\/abbr><\/label> <input name=\"avia_2_1\" class=\"text_input is_empty\" type=\"text\" id=\"avia_2_1\" value=\"\"  placeholder='Surname*'\/><\/p><p class='  first_form  form_element form_fullwidth' id='element_avia_3_1'><label for=\"avia_3_1\">E-Mail <abbr class=\"required\" title=\"required\">*<\/abbr><\/label> <input name=\"avia_3_1\" class=\"text_input is_email\" type=\"text\" id=\"avia_3_1\" value=\"\"  placeholder='E-Mail*'\/><\/p><p class='  first_form  form_element form_fullwidth' id='element_avia_4_1'><label for=\"avia_4_1\">Phone number <abbr class=\"required\" title=\"required\">*<\/abbr><\/label> <input name=\"avia_4_1\" class=\"text_input is_phone\" type=\"text\" id=\"avia_4_1\" value=\"\"  placeholder='Phone number*'\/><\/p><p class='  first_form  form_element form_fullwidth' id='element_avia_5_1'><label for=\"avia_5_1\">Object <abbr class=\"required\" title=\"required\">*<\/abbr><\/label> <input name=\"avia_5_1\" class=\"text_input is_empty\" type=\"text\" id=\"avia_5_1\" value=\"\"  placeholder='Object*'\/><\/p><p class='  first_form  form_element form_fullwidth' id='element_avia_6_1'><label for=\"avia_6_1\" class=\"textare_label hidden textare_label_avia_6_1\">Message <abbr class=\"required\" title=\"required\">*<\/abbr><\/label><textarea  placeholder='Message*' name=\"avia_6_1\" class=\"text_area is_empty\" cols=\"40\" rows=\"7\" id=\"avia_6_1\" ><\/textarea><\/p><p class=\"hidden\"><input type=\"text\" name=\"avia_7_1\" class=\"hidden \" id=\"avia_7_1\" value=\"\" \/><\/p><div id='avia_8_1' class='av-recaptcha-area  first_form  form_element form_fullwidth '  data-container_class=\"\" data-custom_class=\"\" data-context=\"av_contact_form\" data-token_input=\"av_recaptcha_token\" data-version=\"avia_recaptcha_v3\" data-theme=\"light\" data-size=\"normal\" data-score=\"0.5\" data-text_to_preview=\"\" data-value=\"\"><div class=\"av-google-badge-message hidden\">This site is protected by reCAPTCHA and the Google <a href=\"https:\/\/policies.google.com\/privacy\">Privacy Policy<\/a> and <a href=\"https:\/\/policies.google.com\/terms\">Terms of Service<\/a> apply.<\/div><\/div><p class=\"form_element \"><input type=\"hidden\" value=\"1\" name=\"avia_generated_form1\" \/><input type=\"submit\" value=\"Send\" class=\"button\"  data-sending-label=\"Sending\"\/><\/p><\/fieldset><div class=\"avia-disabled-form\">This contact form is deactivated because you refused to accept Google reCaptcha service which is necessary to validate any messages sent by the form.<\/div><\/form><div id=\"ajaxresponse_1\" class=\"ajaxresponse ajaxresponse_1 hidden\"><\/div><\/p><\/div>\n\n<\/div><\/div><\/div><!-- close content main div --><\/div><\/div><div id='av_section_4'  class='avia-section av-3ev6p-34c1f2f814031cb36bf1700766abfad2 main_color avia-section-huge avia-no-border-styling  avia-builder-el-12  el_after_av_section  el_before_av_google_map  avia-bg-style-scroll av-minimum-height av-minimum-height-25 av-height-25  container_wrap fullsize'   data-av_minimum_height_pc='25' data-av_min_height_opt='25'><div class='container av-section-cont-open' ><div class='template-page content  av-content-full alpha units'><div class='post-entry post-entry-type-page post-entry-963'><div class='entry-content-wrapper clearfix'>\n<div  class='flex_column av-2lkxx-cdcc0351c1d810263937197e99ddc90d av_one_full  avia-builder-el-13  avia-builder-el-no-sibling  first flex_column_div av-animated-generic bottom-to-top  '     ><style type=\"text\/css\" data-created_by=\"avia_inline_auto\" id=\"style-css-av-7ym1-f60262df07e06cddff2b8e7903b80433\">\n#top .av-special-heading.av-7ym1-f60262df07e06cddff2b8e7903b80433{\npadding-bottom:10px;\ncolor:#7c9177;\nfont-size:48px;\n}\nbody .av-special-heading.av-7ym1-f60262df07e06cddff2b8e7903b80433 .av-special-heading-tag .heading-char{\nfont-size:48px;\npadding-bottom:10px;\n}\n#top #wrap_all .av-special-heading.av-7ym1-f60262df07e06cddff2b8e7903b80433 .av-special-heading-tag{\nfont-size:48px;\n}\n.av-special-heading.av-7ym1-f60262df07e06cddff2b8e7903b80433 .special-heading-inner-border{\nborder-color:#7c9177;\n}\n.av-special-heading.av-7ym1-f60262df07e06cddff2b8e7903b80433 .av-subheading{\nfont-size:15px;\n}\n\n@media only screen and (min-width: 480px) and (max-width: 767px){ \n#top #wrap_all .av-special-heading.av-7ym1-f60262df07e06cddff2b8e7903b80433 .av-special-heading-tag{\nfont-size:0.8em;\n}\n}\n\n@media only screen and (max-width: 479px){ \n#top #wrap_all .av-special-heading.av-7ym1-f60262df07e06cddff2b8e7903b80433 .av-special-heading-tag{\nfont-size:0.8em;\n}\n}\n<\/style>\n<div  class='av-special-heading av-7ym1-f60262df07e06cddff2b8e7903b80433 av-special-heading-h2 custom-color-heading blockquote elegant-quote elegant-centered  avia-builder-el-14  avia-builder-el-no-sibling  av-inherit-size av-icon'><h2 class='av-special-heading-tag '  itemprop=\"headline\"  ><span class='heading-char avia-iconfont avia-font-flaticon' data-av_icon='\uf198' data-av_iconfont='flaticon' ><\/span><span class=\"heading-wrap\">Get to the Domaine<\/span><\/h2><div class='av_custom_color av-subheading av-subheading_below'><p>La Poignardi\u00e8re<\/p>\n<\/div><div class=\"special-heading-border\"><div class=\"special-heading-inner-border\"><\/div><\/div><\/div><\/div>\n\n<div  class='av_gmaps_sc_main_wrap av_gmaps_main_wrap '><div id='av_gmap_0' class='avia-google-map-container avia-google-map-sc av_gmaps_show_unconditionally av-no-fallback-img ' data-mapid='av_gmap_0'  style='height: 600px;'><a class=\"av_gmaps_browser_disabled av_text_confirm_link av_text_confirm_link_visible\" href=\"https:\/\/www.google.com\/maps\/search\/?api=1&#038;query=Domaine%20de%20La%20Poignardiere%20%2036700%20Ch\u00e2tillon-sur-Indre%20%20France\" target=\"_blank\">Maps were disabled by the visitor on this site. Click to open the map in a new window.<\/a><\/div><\/div>\n","protected":false},"excerpt":{"rendered":"","protected":false},"author":1,"featured_media":0,"parent":0,"menu_order":70,"comment_status":"closed","ping_status":"closed","template":"","meta":{"inline_featured_image":false,"footnotes":""},"class_list":["post-963","page","type-page","status-publish","hentry"],"yoast_head":"<!-- This site is optimized with the Yoast SEO plugin v27.3 - https:\/\/yoast.com\/product\/yoast-seo-wordpress\/ -->\n<title>Contact - La Poignardi\u00e8re<\/title>\n<meta name=\"description\" content=\"Domaine de La Poignardi\u00e8re 36700 Ch\u00e2tillon-sur-Indre Phone: +33 (0)2 54 38 78 14\" \/>\n<meta name=\"robots\" content=\"index, follow, max-snippet:-1, max-image-preview:large, max-video-preview:-1\" \/>\n<link rel=\"canonical\" href=\"https:\/\/www.lapoignardiere.fr\/en\/contact\/\" \/>\n<meta property=\"og:locale\" content=\"en_US\" \/>\n<meta property=\"og:type\" content=\"article\" \/>\n<meta property=\"og:title\" content=\"Contact - La Poignardi\u00e8re\" \/>\n<meta property=\"og:description\" content=\"Domaine de La Poignardi\u00e8re 36700 Ch\u00e2tillon-sur-Indre Phone: +33 (0)2 54 38 78 14\" \/>\n<meta property=\"og:url\" content=\"https:\/\/www.lapoignardiere.fr\/en\/contact\/\" \/>\n<meta property=\"og:site_name\" content=\"La Poignardi\u00e8re\" \/>\n<meta property=\"article:publisher\" content=\"https:\/\/www.facebook.com\/lapoignardiere\" \/>\n<meta property=\"article:modified_time\" content=\"2024-02-02T14:29:52+00:00\" \/>\n<meta property=\"og:image\" content=\"https:\/\/www.lapoignardiere.fr\/wp-content\/uploads\/2024\/01\/la-poignardiere-facade-exterieure-1.jpg\" \/>\n<meta name=\"twitter:card\" content=\"summary_large_image\" \/>\n<meta name=\"twitter:label1\" content=\"Est. reading time\" \/>\n\t<meta name=\"twitter:data1\" content=\"16 minutes\" \/>\n<script type=\"application\/ld+json\" class=\"yoast-schema-graph\">{\"@context\":\"https:\\\/\\\/schema.org\",\"@graph\":[{\"@type\":\"WebPage\",\"@id\":\"https:\\\/\\\/www.lapoignardiere.fr\\\/en\\\/contact\\\/\",\"url\":\"https:\\\/\\\/www.lapoignardiere.fr\\\/en\\\/contact\\\/\",\"name\":\"Contact - La Poignardi\u00e8re\",\"isPartOf\":{\"@id\":\"https:\\\/\\\/www.lapoignardiere.fr\\\/#website\"},\"primaryImageOfPage\":{\"@id\":\"https:\\\/\\\/www.lapoignardiere.fr\\\/en\\\/contact\\\/#primaryimage\"},\"image\":{\"@id\":\"https:\\\/\\\/www.lapoignardiere.fr\\\/en\\\/contact\\\/#primaryimage\"},\"thumbnailUrl\":\"https:\\\/\\\/www.lapoignardiere.fr\\\/wp-content\\\/uploads\\\/2024\\\/01\\\/la-poignardiere-facade-exterieure-1.jpg\",\"datePublished\":\"2024-01-30T10:47:51+00:00\",\"dateModified\":\"2024-02-02T14:29:52+00:00\",\"description\":\"Domaine de La Poignardi\u00e8re 36700 Ch\u00e2tillon-sur-Indre Phone: +33 (0)2 54 38 78 14\",\"breadcrumb\":{\"@id\":\"https:\\\/\\\/www.lapoignardiere.fr\\\/en\\\/contact\\\/#breadcrumb\"},\"inLanguage\":\"en-US\",\"potentialAction\":[{\"@type\":\"ReadAction\",\"target\":[\"https:\\\/\\\/www.lapoignardiere.fr\\\/en\\\/contact\\\/\"]}]},{\"@type\":\"ImageObject\",\"inLanguage\":\"en-US\",\"@id\":\"https:\\\/\\\/www.lapoignardiere.fr\\\/en\\\/contact\\\/#primaryimage\",\"url\":\"https:\\\/\\\/www.lapoignardiere.fr\\\/wp-content\\\/uploads\\\/2024\\\/01\\\/la-poignardiere-facade-exterieure-1.jpg\",\"contentUrl\":\"https:\\\/\\\/www.lapoignardiere.fr\\\/wp-content\\\/uploads\\\/2024\\\/01\\\/la-poignardiere-facade-exterieure-1.jpg\"},{\"@type\":\"BreadcrumbList\",\"@id\":\"https:\\\/\\\/www.lapoignardiere.fr\\\/en\\\/contact\\\/#breadcrumb\",\"itemListElement\":[{\"@type\":\"ListItem\",\"position\":1,\"name\":\"Accueil\",\"item\":\"https:\\\/\\\/www.lapoignardiere.fr\\\/accueil\\\/\"},{\"@type\":\"ListItem\",\"position\":2,\"name\":\"Contact\"}]},{\"@type\":\"WebSite\",\"@id\":\"https:\\\/\\\/www.lapoignardiere.fr\\\/#website\",\"url\":\"https:\\\/\\\/www.lapoignardiere.fr\\\/\",\"name\":\"Domaine de La Poignardi\u00e8re\",\"description\":\"Chambres d\u2019H\u00f4tes de Charme &amp; R\u00e9ceptions Mariage entre Ch\u00e2teaux de la Loire &amp; ZooParc de Beauval\",\"publisher\":{\"@id\":\"https:\\\/\\\/www.lapoignardiere.fr\\\/#organization\"},\"potentialAction\":[{\"@type\":\"SearchAction\",\"target\":{\"@type\":\"EntryPoint\",\"urlTemplate\":\"https:\\\/\\\/www.lapoignardiere.fr\\\/?s={search_term_string}\"},\"query-input\":{\"@type\":\"PropertyValueSpecification\",\"valueRequired\":true,\"valueName\":\"search_term_string\"}}],\"inLanguage\":\"en-US\"},{\"@type\":\"Organization\",\"@id\":\"https:\\\/\\\/www.lapoignardiere.fr\\\/#organization\",\"name\":\"Domaine de La Poignardi\u00e8re\",\"url\":\"https:\\\/\\\/www.lapoignardiere.fr\\\/\",\"logo\":{\"@type\":\"ImageObject\",\"inLanguage\":\"en-US\",\"@id\":\"https:\\\/\\\/www.lapoignardiere.fr\\\/#\\\/schema\\\/logo\\\/image\\\/\",\"url\":\"https:\\\/\\\/www.lapoignardiere.fr\\\/wp-content\\\/uploads\\\/2024\\\/01\\\/logo-vert.png\",\"contentUrl\":\"https:\\\/\\\/www.lapoignardiere.fr\\\/wp-content\\\/uploads\\\/2024\\\/01\\\/logo-vert.png\",\"width\":340,\"height\":156,\"caption\":\"Domaine de La Poignardi\u00e8re\"},\"image\":{\"@id\":\"https:\\\/\\\/www.lapoignardiere.fr\\\/#\\\/schema\\\/logo\\\/image\\\/\"},\"sameAs\":[\"https:\\\/\\\/www.facebook.com\\\/lapoignardiere\",\"https:\\\/\\\/www.instagram.com\\\/domainedelapoignardiere\\\/\"]}]}<\/script>\n<!-- \/ Yoast SEO plugin. -->","yoast_head_json":{"title":"Contact - La Poignardi\u00e8re","description":"Domaine de La Poignardi\u00e8re 36700 Ch\u00e2tillon-sur-Indre Phone: +33 (0)2 54 38 78 14","robots":{"index":"index","follow":"follow","max-snippet":"max-snippet:-1","max-image-preview":"max-image-preview:large","max-video-preview":"max-video-preview:-1"},"canonical":"https:\/\/www.lapoignardiere.fr\/en\/contact\/","og_locale":"en_US","og_type":"article","og_title":"Contact - La Poignardi\u00e8re","og_description":"Domaine de La Poignardi\u00e8re 36700 Ch\u00e2tillon-sur-Indre Phone: +33 (0)2 54 38 78 14","og_url":"https:\/\/www.lapoignardiere.fr\/en\/contact\/","og_site_name":"La Poignardi\u00e8re","article_publisher":"https:\/\/www.facebook.com\/lapoignardiere","article_modified_time":"2024-02-02T14:29:52+00:00","og_image":[{"url":"https:\/\/www.lapoignardiere.fr\/wp-content\/uploads\/2024\/01\/la-poignardiere-facade-exterieure-1.jpg","type":"","width":"","height":""}],"twitter_card":"summary_large_image","twitter_misc":{"Est. reading time":"16 minutes"},"schema":{"@context":"https:\/\/schema.org","@graph":[{"@type":"WebPage","@id":"https:\/\/www.lapoignardiere.fr\/en\/contact\/","url":"https:\/\/www.lapoignardiere.fr\/en\/contact\/","name":"Contact - La Poignardi\u00e8re","isPartOf":{"@id":"https:\/\/www.lapoignardiere.fr\/#website"},"primaryImageOfPage":{"@id":"https:\/\/www.lapoignardiere.fr\/en\/contact\/#primaryimage"},"image":{"@id":"https:\/\/www.lapoignardiere.fr\/en\/contact\/#primaryimage"},"thumbnailUrl":"https:\/\/www.lapoignardiere.fr\/wp-content\/uploads\/2024\/01\/la-poignardiere-facade-exterieure-1.jpg","datePublished":"2024-01-30T10:47:51+00:00","dateModified":"2024-02-02T14:29:52+00:00","description":"Domaine de La Poignardi\u00e8re 36700 Ch\u00e2tillon-sur-Indre Phone: +33 (0)2 54 38 78 14","breadcrumb":{"@id":"https:\/\/www.lapoignardiere.fr\/en\/contact\/#breadcrumb"},"inLanguage":"en-US","potentialAction":[{"@type":"ReadAction","target":["https:\/\/www.lapoignardiere.fr\/en\/contact\/"]}]},{"@type":"ImageObject","inLanguage":"en-US","@id":"https:\/\/www.lapoignardiere.fr\/en\/contact\/#primaryimage","url":"https:\/\/www.lapoignardiere.fr\/wp-content\/uploads\/2024\/01\/la-poignardiere-facade-exterieure-1.jpg","contentUrl":"https:\/\/www.lapoignardiere.fr\/wp-content\/uploads\/2024\/01\/la-poignardiere-facade-exterieure-1.jpg"},{"@type":"BreadcrumbList","@id":"https:\/\/www.lapoignardiere.fr\/en\/contact\/#breadcrumb","itemListElement":[{"@type":"ListItem","position":1,"name":"Accueil","item":"https:\/\/www.lapoignardiere.fr\/accueil\/"},{"@type":"ListItem","position":2,"name":"Contact"}]},{"@type":"WebSite","@id":"https:\/\/www.lapoignardiere.fr\/#website","url":"https:\/\/www.lapoignardiere.fr\/","name":"Domaine de La Poignardi\u00e8re","description":"Chambres d\u2019H\u00f4tes de Charme &amp; R\u00e9ceptions Mariage entre Ch\u00e2teaux de la Loire &amp; ZooParc de Beauval","publisher":{"@id":"https:\/\/www.lapoignardiere.fr\/#organization"},"potentialAction":[{"@type":"SearchAction","target":{"@type":"EntryPoint","urlTemplate":"https:\/\/www.lapoignardiere.fr\/?s={search_term_string}"},"query-input":{"@type":"PropertyValueSpecification","valueRequired":true,"valueName":"search_term_string"}}],"inLanguage":"en-US"},{"@type":"Organization","@id":"https:\/\/www.lapoignardiere.fr\/#organization","name":"Domaine de La Poignardi\u00e8re","url":"https:\/\/www.lapoignardiere.fr\/","logo":{"@type":"ImageObject","inLanguage":"en-US","@id":"https:\/\/www.lapoignardiere.fr\/#\/schema\/logo\/image\/","url":"https:\/\/www.lapoignardiere.fr\/wp-content\/uploads\/2024\/01\/logo-vert.png","contentUrl":"https:\/\/www.lapoignardiere.fr\/wp-content\/uploads\/2024\/01\/logo-vert.png","width":340,"height":156,"caption":"Domaine de La Poignardi\u00e8re"},"image":{"@id":"https:\/\/www.lapoignardiere.fr\/#\/schema\/logo\/image\/"},"sameAs":["https:\/\/www.facebook.com\/lapoignardiere","https:\/\/www.instagram.com\/domainedelapoignardiere\/"]}]}},"_links":{"self":[{"href":"https:\/\/www.lapoignardiere.fr\/en\/wp-json\/wp\/v2\/pages\/963","targetHints":{"allow":["GET"]}}],"collection":[{"href":"https:\/\/www.lapoignardiere.fr\/en\/wp-json\/wp\/v2\/pages"}],"about":[{"href":"https:\/\/www.lapoignardiere.fr\/en\/wp-json\/wp\/v2\/types\/page"}],"author":[{"embeddable":true,"href":"https:\/\/www.lapoignardiere.fr\/en\/wp-json\/wp\/v2\/users\/1"}],"replies":[{"embeddable":true,"href":"https:\/\/www.lapoignardiere.fr\/en\/wp-json\/wp\/v2\/comments?post=963"}],"version-history":[{"count":10,"href":"https:\/\/www.lapoignardiere.fr\/en\/wp-json\/wp\/v2\/pages\/963\/revisions"}],"predecessor-version":[{"id":1046,"href":"https:\/\/www.lapoignardiere.fr\/en\/wp-json\/wp\/v2\/pages\/963\/revisions\/1046"}],"wp:attachment":[{"href":"https:\/\/www.lapoignardiere.fr\/en\/wp-json\/wp\/v2\/media?parent=963"}],"curies":[{"name":"wp","href":"https:\/\/api.w.org\/{rel}","templated":true}]}}